
{"id":8784,"date":"2020-01-07T09:38:41","date_gmt":"2020-01-07T08:38:41","guid":{"rendered":"http:\/\/milesiplanet.com\/prodotto\/uncategorized\/xhc1\/"},"modified":"2020-07-14T14:11:26","modified_gmt":"2020-07-14T12:11:26","slug":"xhc1","status":"publish","type":"product","link":"https:\/\/milesiplanet.com\/pl\/prodotto\/rozwiazania-zewnetrzne\/rozwiazania-zewnetrzne-impregnacja-wstepna\/rozwiazania-zewnetrzne-preimpregnat-preimpregnat-wodny\/xhc1\/","title":{"rendered":"XHC1"},"content":{"rendered":"<p>Wodorozcie\u0144czalny \u015brodek impregnuj\u0105cy o wysokiej odporno\u015bci na szarzenie. U\u0142atwia uzyskanie jednorodno\u015bci rozprowadzenia i ujednolicenia wybarwiania przez \u015brodek impregnuj\u0105cy<\/p>\n","protected":false},"excerpt":{"rendered":"<p>Wodorozcie\u0144czalny \u015brodek impregnuj\u0105cy o wysokiej odporno\u015bci na szarzenie. U\u0142atwia uzyskanie jednorodno\u015bci rozprowadzenia i ujednolicenia wybarwiania przez \u015brodek impregnuj\u0105cy<\/p>\n","protected":false},"featured_media":0,"template":"","meta":{"_acf_changed":false},"product_brand":[],"product_cat":[574,575,576,682],"product_tag":[],"class_list":{"0":"post-8784","1":"product","2":"type-product","3":"status-publish","5":"product_cat-rozwiazania-zewnetrzne","6":"product_cat-rozwiazania-zewnetrzne-impregnacja-wstepna","7":"product_cat-rozwiazania-zewnetrzne-preimpregnat-preimpregnat-wodny","8":"product_cat-ivp-pl","10":"first","11":"instock","12":"shipping-taxable","13":"product-type-simple"},"acf":[],"_links":{"self":[{"href":"https:\/\/milesiplanet.com\/pl\/wp-json\/wp\/v2\/product\/8784","targetHints":{"allow":["GET"]}}],"collection":[{"href":"https:\/\/milesiplanet.com\/pl\/wp-json\/wp\/v2\/product"}],"about":[{"href":"https:\/\/milesiplanet.com\/pl\/wp-json\/wp\/v2\/types\/product"}],"wp:attachment":[{"href":"https:\/\/milesiplanet.com\/pl\/wp-json\/wp\/v2\/media?parent=8784"}],"wp:term":[{"taxonomy":"product_brand","embeddable":true,"href":"https:\/\/milesiplanet.com\/pl\/wp-json\/wp\/v2\/product_brand?post=8784"},{"taxonomy":"product_cat","embeddable":true,"href":"https:\/\/milesiplanet.com\/pl\/wp-json\/wp\/v2\/product_cat?post=8784"},{"taxonomy":"product_tag","embeddable":true,"href":"https:\/\/milesiplanet.com\/pl\/wp-json\/wp\/v2\/product_tag?post=8784"}],"curies":[{"name":"wp","href":"https:\/\/api.w.org\/{rel}","templated":true}]}}