
{"id":8790,"date":"2020-01-09T11:43:31","date_gmt":"2020-01-09T10:43:31","guid":{"rendered":"http:\/\/milesiplanet.com\/prodotto\/uncategorized\/xhc5\/"},"modified":"2020-07-15T16:36:46","modified_gmt":"2020-07-15T14:36:46","slug":"xhc5","status":"publish","type":"product","link":"https:\/\/milesiplanet.com\/pl\/prodotto\/rozwiazania-zewnetrzne\/rozwiazania-zewnetrzne-impregnat\/rozwiazania-zewnetrzne-impregnat-impregnat-wodorozcienczalny\/xhc5\/","title":{"rendered":"XHC5"},"content":{"rendered":"<p>Impregnat wodny o doskona\u0142ej zwil\u017calno\u015bci.<\/p>\n","protected":false},"excerpt":{"rendered":"<p>Impregnat wodny o doskona\u0142ej zwil\u017calno\u015bci.<\/p>\n","protected":false},"featured_media":0,"template":"","meta":{"_acf_changed":false},"product_brand":[],"product_cat":[574,577,578,682],"product_tag":[],"class_list":{"0":"post-8790","1":"product","2":"type-product","3":"status-publish","5":"product_cat-rozwiazania-zewnetrzne","6":"product_cat-rozwiazania-zewnetrzne-impregnat","7":"product_cat-rozwiazania-zewnetrzne-impregnat-impregnat-wodorozcienczalny","8":"product_cat-ivp-pl","10":"first","11":"instock","12":"shipping-taxable","13":"product-type-simple"},"acf":[],"_links":{"self":[{"href":"https:\/\/milesiplanet.com\/pl\/wp-json\/wp\/v2\/product\/8790","targetHints":{"allow":["GET"]}}],"collection":[{"href":"https:\/\/milesiplanet.com\/pl\/wp-json\/wp\/v2\/product"}],"about":[{"href":"https:\/\/milesiplanet.com\/pl\/wp-json\/wp\/v2\/types\/product"}],"wp:attachment":[{"href":"https:\/\/milesiplanet.com\/pl\/wp-json\/wp\/v2\/media?parent=8790"}],"wp:term":[{"taxonomy":"product_brand","embeddable":true,"href":"https:\/\/milesiplanet.com\/pl\/wp-json\/wp\/v2\/product_brand?post=8790"},{"taxonomy":"product_cat","embeddable":true,"href":"https:\/\/milesiplanet.com\/pl\/wp-json\/wp\/v2\/product_cat?post=8790"},{"taxonomy":"product_tag","embeddable":true,"href":"https:\/\/milesiplanet.com\/pl\/wp-json\/wp\/v2\/product_tag?post=8790"}],"curies":[{"name":"wp","href":"https:\/\/api.w.org\/{rel}","templated":true}]}}