
{"id":8798,"date":"2020-01-09T14:30:00","date_gmt":"2020-01-09T13:30:00","guid":{"rendered":"http:\/\/milesiplanet.com\/prodotto\/uncategorized\/xwc703\/"},"modified":"2020-07-20T14:54:08","modified_gmt":"2020-07-20T12:54:08","slug":"xwc703","status":"publish","type":"product","link":"https:\/\/milesiplanet.com\/pl\/prodotto\/rozwiazania-zewnetrzne\/rozwiazania-zewnetrzne-impregnat\/rozwiazania-zewnetrzne-impregnat-impregnat-wodorozcienczalny\/xwc703\/","title":{"rendered":"XWC703"},"content":{"rendered":"<p>Impregnat wodny w postaci \u017celu, o\u017cywiaj\u0105cy kolor, \u00a0o maksymalnej \u0142atwo\u015bci aplikacji.<\/p>\n","protected":false},"excerpt":{"rendered":"<p>Impregnat wodny w postaci \u017celu, o\u017cywiaj\u0105cy kolor, \u00a0o maksymalnej \u0142atwo\u015bci aplikacji.<\/p>\n","protected":false},"featured_media":0,"template":"","meta":{"_acf_changed":false},"product_brand":[],"product_cat":[574,577,578,682],"product_tag":[],"class_list":{"0":"post-8798","1":"product","2":"type-product","3":"status-publish","5":"product_cat-rozwiazania-zewnetrzne","6":"product_cat-rozwiazania-zewnetrzne-impregnat","7":"product_cat-rozwiazania-zewnetrzne-impregnat-impregnat-wodorozcienczalny","8":"product_cat-ivp-pl","10":"first","11":"instock","12":"shipping-taxable","13":"product-type-simple"},"acf":[],"_links":{"self":[{"href":"https:\/\/milesiplanet.com\/pl\/wp-json\/wp\/v2\/product\/8798","targetHints":{"allow":["GET"]}}],"collection":[{"href":"https:\/\/milesiplanet.com\/pl\/wp-json\/wp\/v2\/product"}],"about":[{"href":"https:\/\/milesiplanet.com\/pl\/wp-json\/wp\/v2\/types\/product"}],"wp:attachment":[{"href":"https:\/\/milesiplanet.com\/pl\/wp-json\/wp\/v2\/media?parent=8798"}],"wp:term":[{"taxonomy":"product_brand","embeddable":true,"href":"https:\/\/milesiplanet.com\/pl\/wp-json\/wp\/v2\/product_brand?post=8798"},{"taxonomy":"product_cat","embeddable":true,"href":"https:\/\/milesiplanet.com\/pl\/wp-json\/wp\/v2\/product_cat?post=8798"},{"taxonomy":"product_tag","embeddable":true,"href":"https:\/\/milesiplanet.com\/pl\/wp-json\/wp\/v2\/product_tag?post=8798"}],"curies":[{"name":"wp","href":"https:\/\/api.w.org\/{rel}","templated":true}]}}