
{"id":8811,"date":"2020-01-09T15:53:53","date_gmt":"2020-01-09T14:53:53","guid":{"rendered":"http:\/\/milesiplanet.com\/prodotto\/uncategorized\/xwt2aa1\/"},"modified":"2020-07-20T15:09:50","modified_gmt":"2020-07-20T13:09:50","slug":"xwt2aa1","status":"publish","type":"product","link":"https:\/\/milesiplanet.com\/pl\/prodotto\/rozwiazania-zewnetrzne\/rozwiazania-zewnetrzne-impregnat\/rozwiazania-zewnetrzne-impregnat-impregnat-wodorozcienczalny\/xwt2aa1\/","title":{"rendered":"XWT2AA1"},"content":{"rendered":"<p>Wodorozcie\u0144czalny impregnat do pigmentowania, o du\u017cej zdolno\u015bci krycia i doskona\u0142ej izolacyjno\u015bci.<\/p>\n","protected":false},"excerpt":{"rendered":"<p>Wodorozcie\u0144czalny impregnat do pigmentowania, o du\u017cej zdolno\u015bci krycia i doskona\u0142ej izolacyjno\u015bci.<\/p>\n","protected":false},"featured_media":0,"template":"","meta":{"_acf_changed":false},"product_brand":[],"product_cat":[574,577,578,682],"product_tag":[],"class_list":{"0":"post-8811","1":"product","2":"type-product","3":"status-publish","5":"product_cat-rozwiazania-zewnetrzne","6":"product_cat-rozwiazania-zewnetrzne-impregnat","7":"product_cat-rozwiazania-zewnetrzne-impregnat-impregnat-wodorozcienczalny","8":"product_cat-ivp-pl","10":"first","11":"instock","12":"shipping-taxable","13":"product-type-simple"},"acf":[],"_links":{"self":[{"href":"https:\/\/milesiplanet.com\/pl\/wp-json\/wp\/v2\/product\/8811","targetHints":{"allow":["GET"]}}],"collection":[{"href":"https:\/\/milesiplanet.com\/pl\/wp-json\/wp\/v2\/product"}],"about":[{"href":"https:\/\/milesiplanet.com\/pl\/wp-json\/wp\/v2\/types\/product"}],"wp:attachment":[{"href":"https:\/\/milesiplanet.com\/pl\/wp-json\/wp\/v2\/media?parent=8811"}],"wp:term":[{"taxonomy":"product_brand","embeddable":true,"href":"https:\/\/milesiplanet.com\/pl\/wp-json\/wp\/v2\/product_brand?post=8811"},{"taxonomy":"product_cat","embeddable":true,"href":"https:\/\/milesiplanet.com\/pl\/wp-json\/wp\/v2\/product_cat?post=8811"},{"taxonomy":"product_tag","embeddable":true,"href":"https:\/\/milesiplanet.com\/pl\/wp-json\/wp\/v2\/product_tag?post=8811"}],"curies":[{"name":"wp","href":"https:\/\/api.w.org\/{rel}","templated":true}]}}