
{"id":8825,"date":"2020-01-14T16:18:20","date_gmt":"2020-01-14T15:18:20","guid":{"rendered":"http:\/\/milesiplanet.com\/prodotto\/uncategorized\/xtc2\/"},"modified":"2020-07-20T16:24:49","modified_gmt":"2020-07-20T14:24:49","slug":"xtc2","status":"publish","type":"product","link":"https:\/\/milesiplanet.com\/pl\/prodotto\/rozwiazania-zewnetrzne\/rozwiazania-zewnetrzne-produkty-pomocnicze\/xtc2\/","title":{"rendered":"XTC2"},"content":{"rendered":"<p>Do stosowania ze \u015brodkami impregnuj\u0105cymi i podk\u0142adami, zapobiega tworzeniu si\u0119 piany podczas aplikacji produktu, w kt\u00f3rym jest stosowany.<\/p>\n","protected":false},"excerpt":{"rendered":"<p>Do stosowania ze \u015brodkami impregnuj\u0105cymi i podk\u0142adami, zapobiega tworzeniu si\u0119 piany podczas aplikacji produktu, w kt\u00f3rym jest stosowany.<\/p>\n","protected":false},"featured_media":0,"template":"","meta":{"_acf_changed":false},"product_brand":[],"product_cat":[574,584,682],"product_tag":[],"class_list":{"0":"post-8825","1":"product","2":"type-product","3":"status-publish","5":"product_cat-rozwiazania-zewnetrzne","6":"product_cat-rozwiazania-zewnetrzne-produkty-pomocnicze","7":"product_cat-ivp-pl","9":"first","10":"instock","11":"shipping-taxable","12":"product-type-simple"},"acf":[],"_links":{"self":[{"href":"https:\/\/milesiplanet.com\/pl\/wp-json\/wp\/v2\/product\/8825","targetHints":{"allow":["GET"]}}],"collection":[{"href":"https:\/\/milesiplanet.com\/pl\/wp-json\/wp\/v2\/product"}],"about":[{"href":"https:\/\/milesiplanet.com\/pl\/wp-json\/wp\/v2\/types\/product"}],"wp:attachment":[{"href":"https:\/\/milesiplanet.com\/pl\/wp-json\/wp\/v2\/media?parent=8825"}],"wp:term":[{"taxonomy":"product_brand","embeddable":true,"href":"https:\/\/milesiplanet.com\/pl\/wp-json\/wp\/v2\/product_brand?post=8825"},{"taxonomy":"product_cat","embeddable":true,"href":"https:\/\/milesiplanet.com\/pl\/wp-json\/wp\/v2\/product_cat?post=8825"},{"taxonomy":"product_tag","embeddable":true,"href":"https:\/\/milesiplanet.com\/pl\/wp-json\/wp\/v2\/product_tag?post=8825"}],"curies":[{"name":"wp","href":"https:\/\/api.w.org\/{rel}","templated":true}]}}