
{"id":8856,"date":"2020-01-14T16:20:44","date_gmt":"2020-01-14T15:20:44","guid":{"rendered":"http:\/\/milesiplanet.com\/prodotto\/uncategorized\/xtc3\/"},"modified":"2020-07-20T16:35:05","modified_gmt":"2020-07-20T14:35:05","slug":"xtc3","status":"publish","type":"product","link":"https:\/\/milesiplanet.com\/pl\/prodotto\/rozwiazania-zewnetrzne\/rozwiazania-zewnetrzne-produkty-pomocnicze\/xtc3\/","title":{"rendered":"XTC3"},"content":{"rendered":"<p>Do stosowania z impregnatami i lakierami nawierzchniowymi, spowalnia reakcj\u0119 sieciowania \u015brodka impregnuj\u0105cego lub wyko\u0144czenia.<\/p>\n","protected":false},"excerpt":{"rendered":"<p>Do stosowania z impregnatami i lakierami nawierzchniowymi, spowalnia reakcj\u0119 sieciowania \u015brodka impregnuj\u0105cego lub wyko\u0144czenia.<\/p>\n","protected":false},"featured_media":0,"template":"","meta":{"_acf_changed":false},"product_brand":[],"product_cat":[574,584,682],"product_tag":[],"class_list":{"0":"post-8856","1":"product","2":"type-product","3":"status-publish","5":"product_cat-rozwiazania-zewnetrzne","6":"product_cat-rozwiazania-zewnetrzne-produkty-pomocnicze","7":"product_cat-ivp-pl","9":"first","10":"instock","11":"shipping-taxable","12":"product-type-simple"},"acf":[],"_links":{"self":[{"href":"https:\/\/milesiplanet.com\/pl\/wp-json\/wp\/v2\/product\/8856","targetHints":{"allow":["GET"]}}],"collection":[{"href":"https:\/\/milesiplanet.com\/pl\/wp-json\/wp\/v2\/product"}],"about":[{"href":"https:\/\/milesiplanet.com\/pl\/wp-json\/wp\/v2\/types\/product"}],"wp:attachment":[{"href":"https:\/\/milesiplanet.com\/pl\/wp-json\/wp\/v2\/media?parent=8856"}],"wp:term":[{"taxonomy":"product_brand","embeddable":true,"href":"https:\/\/milesiplanet.com\/pl\/wp-json\/wp\/v2\/product_brand?post=8856"},{"taxonomy":"product_cat","embeddable":true,"href":"https:\/\/milesiplanet.com\/pl\/wp-json\/wp\/v2\/product_cat?post=8856"},{"taxonomy":"product_tag","embeddable":true,"href":"https:\/\/milesiplanet.com\/pl\/wp-json\/wp\/v2\/product_tag?post=8856"}],"curies":[{"name":"wp","href":"https:\/\/api.w.org\/{rel}","templated":true}]}}