
{"id":8857,"date":"2020-01-14T16:24:04","date_gmt":"2020-01-14T15:24:04","guid":{"rendered":"http:\/\/milesiplanet.com\/prodotto\/uncategorized\/xtc5\/"},"modified":"2020-07-20T16:36:44","modified_gmt":"2020-07-20T14:36:44","slug":"xtc5","status":"publish","type":"product","link":"https:\/\/milesiplanet.com\/pl\/prodotto\/rozwiazania-zewnetrzne\/rozwiazania-zewnetrzne-produkty-pomocnicze\/xtc5\/","title":{"rendered":"XTC5"},"content":{"rendered":"<p>Do stosowania ze \u015brodkami impregnuj\u0105cymi, przywraca prawid\u0142owe pH stosowanego produktu.<\/p>\n","protected":false},"excerpt":{"rendered":"<p>Do stosowania ze \u015brodkami impregnuj\u0105cymi, przywraca prawid\u0142owe pH stosowanego produktu.<\/p>\n","protected":false},"featured_media":0,"template":"","meta":{"_acf_changed":false},"product_brand":[],"product_cat":[574,584,682],"product_tag":[],"class_list":{"0":"post-8857","1":"product","2":"type-product","3":"status-publish","5":"product_cat-rozwiazania-zewnetrzne","6":"product_cat-rozwiazania-zewnetrzne-produkty-pomocnicze","7":"product_cat-ivp-pl","9":"first","10":"instock","11":"shipping-taxable","12":"product-type-simple"},"acf":[],"_links":{"self":[{"href":"https:\/\/milesiplanet.com\/pl\/wp-json\/wp\/v2\/product\/8857","targetHints":{"allow":["GET"]}}],"collection":[{"href":"https:\/\/milesiplanet.com\/pl\/wp-json\/wp\/v2\/product"}],"about":[{"href":"https:\/\/milesiplanet.com\/pl\/wp-json\/wp\/v2\/types\/product"}],"wp:attachment":[{"href":"https:\/\/milesiplanet.com\/pl\/wp-json\/wp\/v2\/media?parent=8857"}],"wp:term":[{"taxonomy":"product_brand","embeddable":true,"href":"https:\/\/milesiplanet.com\/pl\/wp-json\/wp\/v2\/product_brand?post=8857"},{"taxonomy":"product_cat","embeddable":true,"href":"https:\/\/milesiplanet.com\/pl\/wp-json\/wp\/v2\/product_cat?post=8857"},{"taxonomy":"product_tag","embeddable":true,"href":"https:\/\/milesiplanet.com\/pl\/wp-json\/wp\/v2\/product_tag?post=8857"}],"curies":[{"name":"wp","href":"https:\/\/api.w.org\/{rel}","templated":true}]}}