
{"id":8858,"date":"2020-01-14T16:26:12","date_gmt":"2020-01-14T15:26:12","guid":{"rendered":"http:\/\/milesiplanet.com\/prodotto\/uncategorized\/xtc6\/"},"modified":"2020-07-20T16:38:32","modified_gmt":"2020-07-20T14:38:32","slug":"xtc6","status":"publish","type":"product","link":"https:\/\/milesiplanet.com\/pl\/prodotto\/rozwiazania-zewnetrzne\/rozwiazania-zewnetrzne-produkty-pomocnicze\/xtc6\/","title":{"rendered":"XTC6"},"content":{"rendered":"<p>Do stosowania ze \u015brodkami impregnuj\u0105cymi, podk\u0142adami i produktami wyko\u0144czeniowymi, zapobiega gniciu produkt\u00f3w, w kt\u00f3rych jest stosowany.<\/p>\n","protected":false},"excerpt":{"rendered":"<p>Do stosowania ze \u015brodkami impregnuj\u0105cymi, podk\u0142adami i produktami wyko\u0144czeniowymi, zapobiega gniciu produkt\u00f3w, w kt\u00f3rych jest stosowany.<\/p>\n","protected":false},"featured_media":0,"template":"","meta":{"_acf_changed":false},"product_brand":[],"product_cat":[574,584,682],"product_tag":[],"class_list":{"0":"post-8858","1":"product","2":"type-product","3":"status-publish","5":"product_cat-rozwiazania-zewnetrzne","6":"product_cat-rozwiazania-zewnetrzne-produkty-pomocnicze","7":"product_cat-ivp-pl","9":"first","10":"instock","11":"shipping-taxable","12":"product-type-simple"},"acf":[],"_links":{"self":[{"href":"https:\/\/milesiplanet.com\/pl\/wp-json\/wp\/v2\/product\/8858","targetHints":{"allow":["GET"]}}],"collection":[{"href":"https:\/\/milesiplanet.com\/pl\/wp-json\/wp\/v2\/product"}],"about":[{"href":"https:\/\/milesiplanet.com\/pl\/wp-json\/wp\/v2\/types\/product"}],"wp:attachment":[{"href":"https:\/\/milesiplanet.com\/pl\/wp-json\/wp\/v2\/media?parent=8858"}],"wp:term":[{"taxonomy":"product_brand","embeddable":true,"href":"https:\/\/milesiplanet.com\/pl\/wp-json\/wp\/v2\/product_brand?post=8858"},{"taxonomy":"product_cat","embeddable":true,"href":"https:\/\/milesiplanet.com\/pl\/wp-json\/wp\/v2\/product_cat?post=8858"},{"taxonomy":"product_tag","embeddable":true,"href":"https:\/\/milesiplanet.com\/pl\/wp-json\/wp\/v2\/product_tag?post=8858"}],"curies":[{"name":"wp","href":"https:\/\/api.w.org\/{rel}","templated":true}]}}