
{"id":8880,"date":"2020-01-14T16:41:53","date_gmt":"2020-01-14T15:41:53","guid":{"rendered":"http:\/\/milesiplanet.com\/prodotto\/uncategorized\/xtc8\/"},"modified":"2020-07-20T16:47:45","modified_gmt":"2020-07-20T14:47:45","slug":"xtc8","status":"publish","type":"product","link":"https:\/\/milesiplanet.com\/pl\/prodotto\/rozwiazania-zewnetrzne\/rozwiazania-zewnetrzne-produkty-pomocnicze\/xtc8\/","title":{"rendered":"XTC8"},"content":{"rendered":"<p>Do stosowania z podk\u0142adami i lakierami nawierzchniowymi, zwi\u0119ksza lepko\u015b\u0107.<\/p>\n","protected":false},"excerpt":{"rendered":"<p>Do stosowania z podk\u0142adami i lakierami nawierzchniowymi, zwi\u0119ksza lepko\u015b\u0107.<\/p>\n","protected":false},"featured_media":0,"template":"","meta":{"_acf_changed":false},"product_brand":[],"product_cat":[574,584,682],"product_tag":[],"class_list":{"0":"post-8880","1":"product","2":"type-product","3":"status-publish","5":"product_cat-rozwiazania-zewnetrzne","6":"product_cat-rozwiazania-zewnetrzne-produkty-pomocnicze","7":"product_cat-ivp-pl","9":"first","10":"instock","11":"shipping-taxable","12":"product-type-simple"},"acf":[],"_links":{"self":[{"href":"https:\/\/milesiplanet.com\/pl\/wp-json\/wp\/v2\/product\/8880","targetHints":{"allow":["GET"]}}],"collection":[{"href":"https:\/\/milesiplanet.com\/pl\/wp-json\/wp\/v2\/product"}],"about":[{"href":"https:\/\/milesiplanet.com\/pl\/wp-json\/wp\/v2\/types\/product"}],"wp:attachment":[{"href":"https:\/\/milesiplanet.com\/pl\/wp-json\/wp\/v2\/media?parent=8880"}],"wp:term":[{"taxonomy":"product_brand","embeddable":true,"href":"https:\/\/milesiplanet.com\/pl\/wp-json\/wp\/v2\/product_brand?post=8880"},{"taxonomy":"product_cat","embeddable":true,"href":"https:\/\/milesiplanet.com\/pl\/wp-json\/wp\/v2\/product_cat?post=8880"},{"taxonomy":"product_tag","embeddable":true,"href":"https:\/\/milesiplanet.com\/pl\/wp-json\/wp\/v2\/product_tag?post=8880"}],"curies":[{"name":"wp","href":"https:\/\/api.w.org\/{rel}","templated":true}]}}