
{"id":8881,"date":"2020-01-15T16:00:09","date_gmt":"2020-01-15T15:00:09","guid":{"rendered":"http:\/\/milesiplanet.com\/prodotto\/uncategorized\/xtcf03\/"},"modified":"2020-07-20T16:50:17","modified_gmt":"2020-07-20T14:50:17","slug":"xtcf03","status":"publish","type":"product","link":"https:\/\/milesiplanet.com\/pl\/prodotto\/rozwiazania-zewnetrzne\/rozwiazania-zewnetrzne-produkty-pomocnicze\/xtcf03\/","title":{"rendered":"XTCF03"},"content":{"rendered":"<p>Przezroczysta pasta uszczelniaj\u0105ca do przekroj\u00f3w poprzecznych i po\u0142\u0105cze\u0144.<br \/>\nUszczelniacz zwi\u0119kszaj\u0105cy odporno\u015b\u0107 na warunki zewn\u0119trzne.<\/p>\n","protected":false},"excerpt":{"rendered":"<p>Przezroczysta pasta uszczelniaj\u0105ca do przekroj\u00f3w poprzecznych i po\u0142\u0105cze\u0144. Uszczelniacz zwi\u0119kszaj\u0105cy odporno\u015b\u0107 na warunki zewn\u0119trzne.<\/p>\n","protected":false},"featured_media":0,"template":"","meta":{"_acf_changed":false},"product_brand":[],"product_cat":[574,584,682],"product_tag":[],"class_list":{"0":"post-8881","1":"product","2":"type-product","3":"status-publish","5":"product_cat-rozwiazania-zewnetrzne","6":"product_cat-rozwiazania-zewnetrzne-produkty-pomocnicze","7":"product_cat-ivp-pl","9":"first","10":"instock","11":"shipping-taxable","12":"product-type-simple"},"acf":[],"_links":{"self":[{"href":"https:\/\/milesiplanet.com\/pl\/wp-json\/wp\/v2\/product\/8881","targetHints":{"allow":["GET"]}}],"collection":[{"href":"https:\/\/milesiplanet.com\/pl\/wp-json\/wp\/v2\/product"}],"about":[{"href":"https:\/\/milesiplanet.com\/pl\/wp-json\/wp\/v2\/types\/product"}],"wp:attachment":[{"href":"https:\/\/milesiplanet.com\/pl\/wp-json\/wp\/v2\/media?parent=8881"}],"wp:term":[{"taxonomy":"product_brand","embeddable":true,"href":"https:\/\/milesiplanet.com\/pl\/wp-json\/wp\/v2\/product_brand?post=8881"},{"taxonomy":"product_cat","embeddable":true,"href":"https:\/\/milesiplanet.com\/pl\/wp-json\/wp\/v2\/product_cat?post=8881"},{"taxonomy":"product_tag","embeddable":true,"href":"https:\/\/milesiplanet.com\/pl\/wp-json\/wp\/v2\/product_tag?post=8881"}],"curies":[{"name":"wp","href":"https:\/\/api.w.org\/{rel}","templated":true}]}}