
{"id":9000,"date":"2020-01-14T12:23:23","date_gmt":"2020-01-14T11:23:23","guid":{"rendered":"http:\/\/milesiplanet.com\/prodotto\/uncategorized\/seria-gloss-xgt06x\/"},"modified":"2020-07-21T09:37:42","modified_gmt":"2020-07-21T07:37:42","slug":"seria-gloss-xgt06x","status":"publish","type":"product","link":"https:\/\/milesiplanet.com\/pl\/prodotto\/rozwiazania-zewnetrzne\/rozwiazania-zewnetrzne-all-in-one\/seria-gloss-xgt06x\/","title":{"rendered":"Seria Gloss XGT06x"},"content":{"rendered":"<p>Produkty na bazie wody, kt\u00f3re mog\u0105 zast\u0105pi\u0107 \u015brodek impregnuj\u0105cy, \u015brodek gruntuj\u0105cy i lakier nawierzchniowy. Maksymalna \u0142atwo\u015b\u0107 aplikacji, dobra si\u0142a wype\u0142niania, specyficzne dla drewna li\u015bciastego i iglastego.<\/p>\n","protected":false},"excerpt":{"rendered":"<p>Produkty na bazie wody, kt\u00f3re mog\u0105 zast\u0105pi\u0107 \u015brodek impregnuj\u0105cy, \u015brodek gruntuj\u0105cy i lakier nawierzchniowy. Maksymalna \u0142atwo\u015b\u0107 aplikacji, dobra si\u0142a wype\u0142niania, specyficzne dla drewna li\u015bciastego i iglastego.<\/p>\n","protected":false},"featured_media":0,"template":"","meta":{"_acf_changed":false},"product_brand":[],"product_cat":[574,583,682],"product_tag":[],"class_list":{"0":"post-9000","1":"product","2":"type-product","3":"status-publish","5":"product_cat-rozwiazania-zewnetrzne","6":"product_cat-rozwiazania-zewnetrzne-all-in-one","7":"product_cat-ivp-pl","9":"first","10":"instock","11":"shipping-taxable","12":"product-type-simple"},"acf":[],"_links":{"self":[{"href":"https:\/\/milesiplanet.com\/pl\/wp-json\/wp\/v2\/product\/9000","targetHints":{"allow":["GET"]}}],"collection":[{"href":"https:\/\/milesiplanet.com\/pl\/wp-json\/wp\/v2\/product"}],"about":[{"href":"https:\/\/milesiplanet.com\/pl\/wp-json\/wp\/v2\/types\/product"}],"wp:attachment":[{"href":"https:\/\/milesiplanet.com\/pl\/wp-json\/wp\/v2\/media?parent=9000"}],"wp:term":[{"taxonomy":"product_brand","embeddable":true,"href":"https:\/\/milesiplanet.com\/pl\/wp-json\/wp\/v2\/product_brand?post=9000"},{"taxonomy":"product_cat","embeddable":true,"href":"https:\/\/milesiplanet.com\/pl\/wp-json\/wp\/v2\/product_cat?post=9000"},{"taxonomy":"product_tag","embeddable":true,"href":"https:\/\/milesiplanet.com\/pl\/wp-json\/wp\/v2\/product_tag?post=9000"}],"curies":[{"name":"wp","href":"https:\/\/api.w.org\/{rel}","templated":true}]}}