
{"id":9001,"date":"2020-01-17T11:51:25","date_gmt":"2020-01-17T10:51:25","guid":{"rendered":"http:\/\/milesiplanet.com\/prodotto\/uncategorized\/xgc33\/"},"modified":"2020-07-21T09:42:27","modified_gmt":"2020-07-21T07:42:27","slug":"xgc33","status":"publish","type":"product","link":"https:\/\/milesiplanet.com\/pl\/prodotto\/rozwiazania-zewnetrzne\/rozwiazania-zewnetrzne-produkty-do-konserwacji\/rozwiazania-zewnetrzne-produkty-do-konserwacji-podstawowe-produkty\/xgc33\/","title":{"rendered":"XGC33"},"content":{"rendered":"<p>Lakier wodny z dobr\u0105 si\u0142\u0105 krycia.<\/p>\n","protected":false},"excerpt":{"rendered":"<p>Lakier wodny z dobr\u0105 si\u0142\u0105 krycia.<\/p>\n","protected":false},"featured_media":0,"template":"","meta":{"_acf_changed":false},"product_brand":[],"product_cat":[574,586,587,682],"product_tag":[],"class_list":{"0":"post-9001","1":"product","2":"type-product","3":"status-publish","5":"product_cat-rozwiazania-zewnetrzne","6":"product_cat-rozwiazania-zewnetrzne-produkty-do-konserwacji","7":"product_cat-rozwiazania-zewnetrzne-produkty-do-konserwacji-podstawowe-produkty","8":"product_cat-ivp-pl","10":"first","11":"instock","12":"shipping-taxable","13":"product-type-simple"},"acf":[],"_links":{"self":[{"href":"https:\/\/milesiplanet.com\/pl\/wp-json\/wp\/v2\/product\/9001","targetHints":{"allow":["GET"]}}],"collection":[{"href":"https:\/\/milesiplanet.com\/pl\/wp-json\/wp\/v2\/product"}],"about":[{"href":"https:\/\/milesiplanet.com\/pl\/wp-json\/wp\/v2\/types\/product"}],"wp:attachment":[{"href":"https:\/\/milesiplanet.com\/pl\/wp-json\/wp\/v2\/media?parent=9001"}],"wp:term":[{"taxonomy":"product_brand","embeddable":true,"href":"https:\/\/milesiplanet.com\/pl\/wp-json\/wp\/v2\/product_brand?post=9001"},{"taxonomy":"product_cat","embeddable":true,"href":"https:\/\/milesiplanet.com\/pl\/wp-json\/wp\/v2\/product_cat?post=9001"},{"taxonomy":"product_tag","embeddable":true,"href":"https:\/\/milesiplanet.com\/pl\/wp-json\/wp\/v2\/product_tag?post=9001"}],"curies":[{"name":"wp","href":"https:\/\/api.w.org\/{rel}","templated":true}]}}