
{"id":9003,"date":"2020-01-17T13:06:52","date_gmt":"2020-01-17T12:06:52","guid":{"rendered":"http:\/\/milesiplanet.com\/prodotto\/uncategorized\/xgc22310\/"},"modified":"2020-07-21T09:53:24","modified_gmt":"2020-07-21T07:53:24","slug":"xgc22310","status":"publish","type":"product","link":"https:\/\/milesiplanet.com\/pl\/prodotto\/rozwiazania-zewnetrzne\/rozwiazania-zewnetrzne-produkty-do-konserwacji\/rozwiazania-zewnetrzne-produkty-do-konserwacji-dodatkowe-produkty\/xgc22310\/","title":{"rendered":"XGC22310"},"content":{"rendered":"<p>Bezbarwny lakier wodny o maksymalnej odporno\u015bci na \u017c\u00f3\u0142kni\u0119cie.<\/p>\n","protected":false},"excerpt":{"rendered":"<p>Bezbarwny lakier wodny o maksymalnej odporno\u015bci na \u017c\u00f3\u0142kni\u0119cie.<\/p>\n","protected":false},"featured_media":0,"template":"","meta":{"_acf_changed":false},"product_brand":[],"product_cat":[574,586,588,682],"product_tag":[],"class_list":{"0":"post-9003","1":"product","2":"type-product","3":"status-publish","5":"product_cat-rozwiazania-zewnetrzne","6":"product_cat-rozwiazania-zewnetrzne-produkty-do-konserwacji","7":"product_cat-rozwiazania-zewnetrzne-produkty-do-konserwacji-dodatkowe-produkty","8":"product_cat-ivp-pl","10":"first","11":"instock","12":"shipping-taxable","13":"product-type-simple"},"acf":[],"_links":{"self":[{"href":"https:\/\/milesiplanet.com\/pl\/wp-json\/wp\/v2\/product\/9003","targetHints":{"allow":["GET"]}}],"collection":[{"href":"https:\/\/milesiplanet.com\/pl\/wp-json\/wp\/v2\/product"}],"about":[{"href":"https:\/\/milesiplanet.com\/pl\/wp-json\/wp\/v2\/types\/product"}],"wp:attachment":[{"href":"https:\/\/milesiplanet.com\/pl\/wp-json\/wp\/v2\/media?parent=9003"}],"wp:term":[{"taxonomy":"product_brand","embeddable":true,"href":"https:\/\/milesiplanet.com\/pl\/wp-json\/wp\/v2\/product_brand?post=9003"},{"taxonomy":"product_cat","embeddable":true,"href":"https:\/\/milesiplanet.com\/pl\/wp-json\/wp\/v2\/product_cat?post=9003"},{"taxonomy":"product_tag","embeddable":true,"href":"https:\/\/milesiplanet.com\/pl\/wp-json\/wp\/v2\/product_tag?post=9003"}],"curies":[{"name":"wp","href":"https:\/\/api.w.org\/{rel}","templated":true}]}}