
{"id":9007,"date":"2020-07-21T11:29:11","date_gmt":"2020-07-21T09:29:11","guid":{"rendered":"http:\/\/milesiplanet.com\/?post_type=product&#038;p=9007"},"modified":"2020-07-21T14:38:33","modified_gmt":"2020-07-21T12:38:33","slug":"xbc6aa2","status":"publish","type":"product","link":"https:\/\/milesiplanet.com\/pl\/prodotto\/rozwiazania-zewnetrzne\/rozwiazania-zewnetrzne-podklad\/rozwiazania-zewnetrzne-podklad-podklad-wodorozcienczalny\/xbc6aa2\/","title":{"rendered":"XBC6AA2"},"content":{"rendered":"<p>Bezbarwny podk\u0142ad wodny o maksymalnej odporno\u015bci na \u017c\u00f3\u0142kni\u0119cie.<\/p>\n","protected":false},"excerpt":{"rendered":"<p>Bezbarwny podk\u0142ad wodny o maksymalnej odporno\u015bci na \u017c\u00f3\u0142kni\u0119cie.<\/p>\n","protected":false},"featured_media":0,"template":"","meta":{"_acf_changed":false},"product_brand":[],"product_cat":[574,580,581,682],"product_tag":[],"class_list":{"0":"post-9007","1":"product","2":"type-product","3":"status-publish","5":"product_cat-rozwiazania-zewnetrzne","6":"product_cat-rozwiazania-zewnetrzne-podklad","7":"product_cat-rozwiazania-zewnetrzne-podklad-podklad-wodorozcienczalny","8":"product_cat-ivp-pl","10":"first","11":"instock","12":"shipping-taxable","13":"product-type-simple"},"acf":[],"_links":{"self":[{"href":"https:\/\/milesiplanet.com\/pl\/wp-json\/wp\/v2\/product\/9007","targetHints":{"allow":["GET"]}}],"collection":[{"href":"https:\/\/milesiplanet.com\/pl\/wp-json\/wp\/v2\/product"}],"about":[{"href":"https:\/\/milesiplanet.com\/pl\/wp-json\/wp\/v2\/types\/product"}],"wp:attachment":[{"href":"https:\/\/milesiplanet.com\/pl\/wp-json\/wp\/v2\/media?parent=9007"}],"wp:term":[{"taxonomy":"product_brand","embeddable":true,"href":"https:\/\/milesiplanet.com\/pl\/wp-json\/wp\/v2\/product_brand?post=9007"},{"taxonomy":"product_cat","embeddable":true,"href":"https:\/\/milesiplanet.com\/pl\/wp-json\/wp\/v2\/product_cat?post=9007"},{"taxonomy":"product_tag","embeddable":true,"href":"https:\/\/milesiplanet.com\/pl\/wp-json\/wp\/v2\/product_tag?post=9007"}],"curies":[{"name":"wp","href":"https:\/\/api.w.org\/{rel}","templated":true}]}}