
{"id":9008,"date":"2020-01-09T17:40:13","date_gmt":"2020-01-09T16:40:13","guid":{"rendered":"http:\/\/milesiplanet.com\/prodotto\/uncategorized\/xbc100\/"},"modified":"2020-07-21T11:32:42","modified_gmt":"2020-07-21T09:32:42","slug":"xbc100","status":"publish","type":"product","link":"https:\/\/milesiplanet.com\/pl\/prodotto\/rozwiazania-zewnetrzne\/rozwiazania-zewnetrzne-podklad\/rozwiazania-zewnetrzne-podklad-podklad-wodorozcienczalny\/xbc100\/","title":{"rendered":"XBC100"},"content":{"rendered":"<p>Podk\u0142ad wodny o maksymalnej odporno\u015bci na \u017c\u00f3\u0142kni\u0119cie, w\u0142a\u015bciwy do cykli p\u00f3\u0142przezroczystych.<\/p>\n","protected":false},"excerpt":{"rendered":"<p>Podk\u0142ad wodny o maksymalnej odporno\u015bci na \u017c\u00f3\u0142kni\u0119cie, w\u0142a\u015bciwy do cykli p\u00f3\u0142przezroczystych.<\/p>\n","protected":false},"featured_media":0,"template":"","meta":{"_acf_changed":false},"product_brand":[],"product_cat":[574,580,581,682],"product_tag":[],"class_list":{"0":"post-9008","1":"product","2":"type-product","3":"status-publish","5":"product_cat-rozwiazania-zewnetrzne","6":"product_cat-rozwiazania-zewnetrzne-podklad","7":"product_cat-rozwiazania-zewnetrzne-podklad-podklad-wodorozcienczalny","8":"product_cat-ivp-pl","10":"first","11":"instock","12":"shipping-taxable","13":"product-type-simple"},"acf":[],"_links":{"self":[{"href":"https:\/\/milesiplanet.com\/pl\/wp-json\/wp\/v2\/product\/9008","targetHints":{"allow":["GET"]}}],"collection":[{"href":"https:\/\/milesiplanet.com\/pl\/wp-json\/wp\/v2\/product"}],"about":[{"href":"https:\/\/milesiplanet.com\/pl\/wp-json\/wp\/v2\/types\/product"}],"wp:attachment":[{"href":"https:\/\/milesiplanet.com\/pl\/wp-json\/wp\/v2\/media?parent=9008"}],"wp:term":[{"taxonomy":"product_brand","embeddable":true,"href":"https:\/\/milesiplanet.com\/pl\/wp-json\/wp\/v2\/product_brand?post=9008"},{"taxonomy":"product_cat","embeddable":true,"href":"https:\/\/milesiplanet.com\/pl\/wp-json\/wp\/v2\/product_cat?post=9008"},{"taxonomy":"product_tag","embeddable":true,"href":"https:\/\/milesiplanet.com\/pl\/wp-json\/wp\/v2\/product_tag?post=9008"}],"curies":[{"name":"wp","href":"https:\/\/api.w.org\/{rel}","templated":true}]}}