
{"id":9010,"date":"2020-07-21T11:59:26","date_gmt":"2020-07-21T09:59:26","guid":{"rendered":"http:\/\/milesiplanet.com\/?post_type=product&#038;p=9010"},"modified":"2020-07-21T14:29:22","modified_gmt":"2020-07-21T12:29:22","slug":"xbtf01","status":"publish","type":"product","link":"https:\/\/milesiplanet.com\/pl\/prodotto\/rozwiazania-zewnetrzne\/rozwiazania-zewnetrzne-podklad\/rozwiazania-zewnetrzne-podklad-podklad-wodorozcienczalny\/xbtf01\/","title":{"rendered":"XBTF01"},"content":{"rendered":"<p>Bia\u0142y, wodorozcie\u0144czalny, podk\u0142ad do pigmentowania o dobrej zdolno\u015bci do szlifowania i maksymalnej zdolno\u015bci krycia.<\/p>\n","protected":false},"excerpt":{"rendered":"<p>Bia\u0142y, wodorozcie\u0144czalny, podk\u0142ad do pigmentowania o dobrej zdolno\u015bci do szlifowania i maksymalnej zdolno\u015bci krycia.<\/p>\n","protected":false},"featured_media":0,"template":"","meta":{"_acf_changed":false},"product_brand":[],"product_cat":[574,580,581,682],"product_tag":[],"class_list":{"0":"post-9010","1":"product","2":"type-product","3":"status-publish","5":"product_cat-rozwiazania-zewnetrzne","6":"product_cat-rozwiazania-zewnetrzne-podklad","7":"product_cat-rozwiazania-zewnetrzne-podklad-podklad-wodorozcienczalny","8":"product_cat-ivp-pl","10":"first","11":"instock","12":"shipping-taxable","13":"product-type-simple"},"acf":[],"_links":{"self":[{"href":"https:\/\/milesiplanet.com\/pl\/wp-json\/wp\/v2\/product\/9010","targetHints":{"allow":["GET"]}}],"collection":[{"href":"https:\/\/milesiplanet.com\/pl\/wp-json\/wp\/v2\/product"}],"about":[{"href":"https:\/\/milesiplanet.com\/pl\/wp-json\/wp\/v2\/types\/product"}],"wp:attachment":[{"href":"https:\/\/milesiplanet.com\/pl\/wp-json\/wp\/v2\/media?parent=9010"}],"wp:term":[{"taxonomy":"product_brand","embeddable":true,"href":"https:\/\/milesiplanet.com\/pl\/wp-json\/wp\/v2\/product_brand?post=9010"},{"taxonomy":"product_cat","embeddable":true,"href":"https:\/\/milesiplanet.com\/pl\/wp-json\/wp\/v2\/product_cat?post=9010"},{"taxonomy":"product_tag","embeddable":true,"href":"https:\/\/milesiplanet.com\/pl\/wp-json\/wp\/v2\/product_tag?post=9010"}],"curies":[{"name":"wp","href":"https:\/\/api.w.org\/{rel}","templated":true}]}}