
{"id":9011,"date":"2020-01-13T14:24:12","date_gmt":"2020-01-13T13:24:12","guid":{"rendered":"http:\/\/milesiplanet.com\/prodotto\/uncategorized\/xbt6aa1\/"},"modified":"2020-07-21T14:26:52","modified_gmt":"2020-07-21T12:26:52","slug":"xbt6aa1","status":"publish","type":"product","link":"https:\/\/milesiplanet.com\/pl\/prodotto\/rozwiazania-zewnetrzne\/rozwiazania-zewnetrzne-podklad\/rozwiazania-zewnetrzne-podklad-podklad-wodorozcienczalny\/xbt6aa1\/","title":{"rendered":"XBT6AA1"},"content":{"rendered":"<p>Wodorozcie\u0144czalny, podk\u0142ad do pigmentowania o maksymalnej mocy izolacyjnej i doskona\u0142ej wertykalno\u015bci.<\/p>\n","protected":false},"excerpt":{"rendered":"<p>Wodorozcie\u0144czalny, podk\u0142ad do pigmentowania o maksymalnej mocy izolacyjnej i doskona\u0142ej wertykalno\u015bci.<\/p>\n","protected":false},"featured_media":0,"template":"","meta":{"_acf_changed":false},"product_brand":[],"product_cat":[574,580,581,682],"product_tag":[],"class_list":{"0":"post-9011","1":"product","2":"type-product","3":"status-publish","5":"product_cat-rozwiazania-zewnetrzne","6":"product_cat-rozwiazania-zewnetrzne-podklad","7":"product_cat-rozwiazania-zewnetrzne-podklad-podklad-wodorozcienczalny","8":"product_cat-ivp-pl","10":"first","11":"instock","12":"shipping-taxable","13":"product-type-simple"},"acf":[],"_links":{"self":[{"href":"https:\/\/milesiplanet.com\/pl\/wp-json\/wp\/v2\/product\/9011","targetHints":{"allow":["GET"]}}],"collection":[{"href":"https:\/\/milesiplanet.com\/pl\/wp-json\/wp\/v2\/product"}],"about":[{"href":"https:\/\/milesiplanet.com\/pl\/wp-json\/wp\/v2\/types\/product"}],"wp:attachment":[{"href":"https:\/\/milesiplanet.com\/pl\/wp-json\/wp\/v2\/media?parent=9011"}],"wp:term":[{"taxonomy":"product_brand","embeddable":true,"href":"https:\/\/milesiplanet.com\/pl\/wp-json\/wp\/v2\/product_brand?post=9011"},{"taxonomy":"product_cat","embeddable":true,"href":"https:\/\/milesiplanet.com\/pl\/wp-json\/wp\/v2\/product_cat?post=9011"},{"taxonomy":"product_tag","embeddable":true,"href":"https:\/\/milesiplanet.com\/pl\/wp-json\/wp\/v2\/product_tag?post=9011"}],"curies":[{"name":"wp","href":"https:\/\/api.w.org\/{rel}","templated":true}]}}