
{"id":9285,"date":"2020-01-13T14:43:51","date_gmt":"2020-01-13T13:43:51","guid":{"rendered":"http:\/\/milesiplanet.com\/prodotto\/uncategorized\/yba600\/"},"modified":"2020-07-21T16:04:17","modified_gmt":"2020-07-21T14:04:17","slug":"yba600","status":"publish","type":"product","link":"https:\/\/milesiplanet.com\/pl\/prodotto\/rozwiazania-zewnetrzne\/rozwiazania-zewnetrzne-podklad\/rozwiazania-zewnetrzne-podklad-podklad-rozcienczalnikowye\/yba600\/","title":{"rendered":"YBA600"},"content":{"rendered":"<p>Podk\u0142ad rozcie\u0144czalnikowy 2K o doskona\u0142ej zdolno\u015bci izolowania.<\/p>\n","protected":false},"excerpt":{"rendered":"<p>Podk\u0142ad rozcie\u0144czalnikowy 2K o doskona\u0142ej zdolno\u015bci izolowania.<\/p>\n","protected":false},"featured_media":0,"template":"","meta":{"_acf_changed":false},"product_brand":[],"product_cat":[574,580,582,682],"product_tag":[],"class_list":{"0":"post-9285","1":"product","2":"type-product","3":"status-publish","5":"product_cat-rozwiazania-zewnetrzne","6":"product_cat-rozwiazania-zewnetrzne-podklad","7":"product_cat-rozwiazania-zewnetrzne-podklad-podklad-rozcienczalnikowye","8":"product_cat-ivp-pl","10":"first","11":"instock","12":"shipping-taxable","13":"product-type-simple"},"acf":[],"_links":{"self":[{"href":"https:\/\/milesiplanet.com\/pl\/wp-json\/wp\/v2\/product\/9285","targetHints":{"allow":["GET"]}}],"collection":[{"href":"https:\/\/milesiplanet.com\/pl\/wp-json\/wp\/v2\/product"}],"about":[{"href":"https:\/\/milesiplanet.com\/pl\/wp-json\/wp\/v2\/types\/product"}],"wp:attachment":[{"href":"https:\/\/milesiplanet.com\/pl\/wp-json\/wp\/v2\/media?parent=9285"}],"wp:term":[{"taxonomy":"product_brand","embeddable":true,"href":"https:\/\/milesiplanet.com\/pl\/wp-json\/wp\/v2\/product_brand?post=9285"},{"taxonomy":"product_cat","embeddable":true,"href":"https:\/\/milesiplanet.com\/pl\/wp-json\/wp\/v2\/product_cat?post=9285"},{"taxonomy":"product_tag","embeddable":true,"href":"https:\/\/milesiplanet.com\/pl\/wp-json\/wp\/v2\/product_tag?post=9285"}],"curies":[{"name":"wp","href":"https:\/\/api.w.org\/{rel}","templated":true}]}}