
{"id":5745,"date":"2020-02-24T22:40:27","date_gmt":"2020-02-24T21:40:27","guid":{"rendered":"http:\/\/milesiplanet.com\/condicoes-gerais-de-venda\/"},"modified":"2020-02-24T22:40:27","modified_gmt":"2020-02-24T21:40:27","slug":"condicoes-gerais-de-venda","status":"publish","type":"page","link":"https:\/\/milesiplanet.com\/pt-pt\/condicoes-gerais-de-venda\/","title":{"rendered":"Condi\u00e7\u00f5es gerais de venda"},"content":{"rendered":"<p><strong><a id=\"a1\"><\/a>Normativa contrattuale<\/strong><\/p>\n<p>Le forniture sono regolamentate dalle presenti Condizioni Generali di Vendita.<\/p>\n<p>Nessuna condizione particolare, salvo accettazione formale e scritta di IVM Chemicals Srl (d\u2019ora in avanti \u201cIVM\u201d), pu\u00f2 prevalere sulle presenti Condizioni Generali di Vendita.<\/p>\n<p>&nbsp;<\/p>\n<p>Le condizioni contenute nel presente documento potranno essere modificate, senza preavviso alcuno e avranno validit\u00e0 dalla data di emissione sopra riportata.<\/p>\n<p>&nbsp;<\/p>\n<p>L\u2019Acquirente che invia ad IVM un ordine di acquisto, sotto qualunque forma, dichiara implicitamente di accettare le presenti Condizioni Generali di Vendita fornite all\u2019atto del primo ordine e ad ogni successiva variazione delle stesse.<\/p>\n<p>&nbsp;<\/p>\n<p><strong><a id=\"a2\"><\/a>Costituzione ed oggetto del contratto<\/strong><\/p>\n<p>L\u2019ordine da parte dell\u2019Acquirente costituisce proposta ferma ed irrevocabile di contratto.<\/p>\n<p>IVM si riserva di accettare o meno, a suo insindacabile giudizio, ogni ordine di acquisto proposto dall\u2019Acquirente.<\/p>\n<p>Nel caso di ordine raccolto da agenti o altri intermediari, il contratto si intender\u00e0 concluso solo dopo che IVM lo avr\u00e0 accettato.<\/p>\n<p>&nbsp;<\/p>\n<p>Gli ordini possono essere trasmessi via mail o fax, agli indirizzi del Servizio Clienti di riferimento, fornite all\u2019atto del primo ordine<\/p>\n<p><strong>\u00a0<\/strong><\/p>\n<p><strong><a id=\"a3\"><\/a>Prezzi<\/strong><\/p>\n<p>I prezzi :<\/p>\n<ul>\n<li>si riferiscono al prezzo al Kg o Litro nella confezione scelta;<\/li>\n<li>sono al netto di IVA e di ogni altra tassa, diritto, accisa e imposta dovuta;<\/li>\n<li>possono subire variazioni in qualsiasi momento previa comunicazione da parte di IVM Chemicals<\/li>\n<li>I prezzi in fattura sono quelli in vigore al momento dell\u2019accettazione dell\u2019ordine da parte di IVM<\/li>\n<\/ul>\n<p>&nbsp;<\/p>\n<p>Tutte le eventuali ulteriori spese relative alla vendita non preventivamente pattuite sono a carico dell\u2019Acquirente.<\/p>\n<p>&nbsp;<\/p>\n<p><strong><a id=\"a4\"><\/a>Confezioni<\/strong><\/p>\n<p>I prodotti sono venduti a volume o a peso.<\/p>\n<p>I prodotti di listino possono essere ordinati nelle confezioni previste nello stesso.<\/p>\n<p>I prodotti su commessa possono essere ordinati solo nelle\u00a0 confezioni seguenti se non diversamente concordato:<\/p>\n<ul>\n<li>25 KG\\Lt. per tutti i prodotti<\/li>\n<li>12,5 Kg\\Lt. per i catalizzatori<\/li>\n<\/ul>\n<p><strong>\u00a0<\/strong><\/p>\n<p><strong><a id=\"a5\"><\/a>Quantit\u00e0<\/strong><\/p>\n<p>I prodotti di listino possono essere ordinati nelle confezioni previste in qualsiasi quantit\u00e0.<\/p>\n<p>&nbsp;<\/p>\n<p>I prodotti su commessa devono essere ordinati rispettando le quantit\u00e0 concordate fra Acquirente e IVM all\u2019atto del primo ordine. Rispetto alle quantit\u00e0 concordate , eventuali differenze del +\/- 10% dovranno essere in ogni caso accettate dall\u2019 Acquirente.<\/p>\n<p><strong>\u00a0<\/strong><\/p>\n<p><strong><a id=\"a6\"><\/a>Pallets<\/strong><\/p>\n<p>Le spedizioni sono su pallets al raggiungimento di quantit\u00e0 per il completamento di un pallet:<\/p>\n<ul>\n<li>33 latte da 25 Kg\/L<\/li>\n<li>66 latte da 12,5 Kg\/L<\/li>\n<\/ul>\n<p>&nbsp;<\/p>\n<p>Al raggiungimento delle seguenti quantit\u00e0 minime\u00a0 la merce verr\u00e0 comunque consegnata per singolo pallet:<\/p>\n<ul>\n<li>a partire da 22 latte da 25 Kg\/L<\/li>\n<li>a partire da 44 latte da 12,5 Kg\/L<\/li>\n<\/ul>\n<p>&nbsp;<\/p>\n<p>I pallets si intendono a rendere.<\/p>\n<p>I pallets non resi vengono addebitati alla fine di ogni trimestre al costo di 12 Euro cad.<\/p>\n<p>&nbsp;<\/p>\n<p><strong><a id=\"a7\"><\/a>Termini di consegna<\/strong><\/p>\n<p>I termini di consegna qui indicati si intendono per la messa a disposizione dei prodotti presso il Deposito di competenza indicato all\u2019atto del primo ordine e decorrono dal giorno dell\u2019accettazione dell\u2019ordine da parte di IVM. Sono dati a titolo indicativo.<\/p>\n<p>Eventuali ritardi non danno diritto all\u2019acquirente di annullare l\u2019ordine.<\/p>\n<ul>\n<li>I Prodotti di Listino sono normalmente disponibili presso il deposito di competenza: in questo caso sono disponibili al ritiro entro 4 giorni lavorativi;<\/li>\n<li>I Prodotti su Commessa sono normalmente disponibili al ritiro presso il deposito di competenza entro 30 giorni lavorativi dalla data di accettazione dell\u2019ordine<\/li>\n<\/ul>\n<p>&nbsp;<\/p>\n<p>IVM non \u00e8 responsabile di eventuali ritardi o mancate\u00a0 consegne in caso di:<\/p>\n<ul>\n<li>forza maggiore o evenienze straordinarie come scarsit\u00e0 di materie prime, restrizione di fonti energetiche etc.;<\/li>\n<li>ritardi imputabili all\u2019Acquirente, in particolare per la mancata o tardiva comunicazione di dati indispensabili per l\u2019evasione dell\u2019ordine;<\/li>\n<li>necessit\u00e0 o richiesta da parte del Cliente di accorpamento di pi\u00f9 prodotti in un\u2019unica spedizione;<\/li>\n<li>mancato rispetto delle condizioni di pagamento, ivi compresi debiti scaduti relativi a forniture precedenti;<\/li>\n<li>modifica delle condizioni economiche del cliente, ivi incluso il caso di uno o pi\u00f9 protesti, di procedure esecutive o concorsuali, di accensione di pegni e\/o ipoteche, di richieste di amministrazione controllata, di concordato preventivo, di cessazione dell\u2019attivit\u00e0.<\/li>\n<\/ul>\n<p>Salvo il caso di dolo o colpa grave di IVM, \u00e8 espressamente escluso qualsiasi risarcimento del danno per mancata o ritardata consegna dei prodotti.<\/p>\n<p><strong>\u00a0<\/strong><\/p>\n<p><strong><a id=\"a8\"><\/a>Pagamenti<\/strong><\/p>\n<p>L\u2019Acquirente non \u00e8 autorizzato ad effettuare alcuna deduzione dal prezzo pattuito (ad es. in caso di pretesi difetti dei prodotti), se non previo accordo scritto con IVM.<\/p>\n<p>&nbsp;<\/p>\n<p>E&#8217; inteso che eventuali reclami, contestazioni, o ritardi nelle consegne non danno diritto all\u2019Acquirente di sospendere o comunque ritardare i pagamenti dei prodotti oggetto di contestazione, n\u00e9, tanto meno, di altre forniture.<\/p>\n<p>&nbsp;<\/p>\n<p>Il pagamento del prezzo deve avvenire, senza eccezioni, al solo domicilio di IVM.\u00a0 Pagamenti effettuati in luogo diverso non saranno in alcun modo riconosciuti. La dichiarazione di saldo o altre ricevute saranno opponibili alla ditta venditrice solo se recheranno la firma di chi ne ha pubblicamente la legale rappresentanza, all&#8217;uopo non riconoscendosi da parte di IVM altra firma, ancorch\u00e9 rilasciata da persone facenti parte della propria organizzazione.<\/p>\n<p>&nbsp;<\/p>\n<p>Ove le concordate modalit\u00e0 prevedano il pagamento a mezzo tratta, cambiale diretta o cessione, il luogo di pagamento sar\u00e0 sempre il domicilio di IVM; ci\u00f2 in quanto occorra, anche a conferma della regola generale circa la competenza territoriale per il caso di controversie.<\/p>\n<p>&nbsp;<\/p>\n<p>In caso di ritardo rispetto ai termini di pagamento convenuti, IVM si riserva il diritto di applicare gli interessi di mora previsti dalla normativa vigente, .\u00a0 Inoltre IVM si riserva il diritto di sospendere o di annullare gli ordini in corso senza che questo fatto possa essere causa di ricorso da parte dell\u2019Acquirente per danni diretti o indiretti.<\/p>\n<p>&nbsp;<\/p>\n<p>Nel caso in cui l\u2019Acquirente non dovesse ottemperare al pagamento di una scadenza convenuta, eventuali altre somme dovute diventeranno immediatamente esigibili indipendentemente dai termini di pagamento concordati.<\/p>\n<p>&nbsp;<\/p>\n<p><strong><a id=\"a14\"><\/a>Riserva di propriet\u00e0<\/strong><\/p>\n<p>I prodotti forniti da IVM Chemicals rimarranno di propriet\u00e0 di quest\u2019ultima fino all\u2019integrale pagamento delle fatture ad esse corrispondenti, ma il rischio di deperimento degli stessi passer\u00e0 all\u2019acquirente dal momento della loro consegna in base a quanto sopra indicato nel paragrafo <strong>Termini di consegna.<\/strong><\/p>\n<p><strong>\u00a0<\/strong><\/p>\n<p><strong><a id=\"a9\"><\/a>Responsabilit\u00e0 del produttore<\/strong><\/p>\n<p>La responsabilit\u00e0 di IVM, in qualit\u00e0 di fornitore dei prodotti vernicianti, attiene esclusivamente alla costanza delle caratteristiche chimico-fisiche dei prodotti forniti, nell&#8217;ambito dei dati e delle tolleranze riportati nelle sue <strong>Schede Tecniche<\/strong>.<\/p>\n<p>IVM non potr\u00e0 essere ritenuta responsabile per danni indiretti o consequenziali, perdite di produzione o mancati profitti.<\/p>\n<p><strong>\u00a0<\/strong><strong>\u00a0<\/strong><\/p>\n<p><strong><a id=\"a10\"><\/a>Responsabilit\u00e0 dell\u2019Acquirente <\/strong><\/p>\n<p>Prima dell\u2019utilizzo di un prodotto, all&#8217;Acquirente spetta la valutazione della sua idoneit\u00e0 rispetto alle sue esigenze qualitative e produttive. A questo proposito, si rimanda alle avvertenze riportate nella relativa\u00a0 Scheda Tecnica<strong>.<\/strong><\/p>\n<p>&nbsp;<\/p>\n<p>L\u2019Acquirente, al momento della ricezione dei prodotti, \u00e8 tenuto alla verifica della qualit\u00e0\/quantit\u00e0 rispetto a quanto indicato nell\u2019ordine.<\/p>\n<p><em>\u00a0<\/em><\/p>\n<p>L\u2019Acquirente ha l\u2019obbligo di verificare l\u2019idoneit\u00e0 del prodotto\u00a0 su un campione prima di utilizzarlo nei processi di produzione. Una volta inserito in questi, di effettuare un costante ed attento controllo dei risultati\u00a0 al fine di limitare eventuali danni.<\/p>\n<p>&nbsp;<\/p>\n<p><strong><a id=\"a11\"><\/a>Contestazioni e reclami<\/strong><\/p>\n<p>Ove i prodotti o il relativo imballaggio risultino danneggiati,\u00a0 o in presenza di prodotti mancanti, l\u2019Acquirente \u00e8 tenuto a formulare le riserve del caso nei confronti del trasportatore, secondo le forme previste per la modalit\u00e0 di trasporto utilizzata, indicandole nel DDT e confermando il suo reclamo, per raccomandata con avviso di ricevimento, a IVM entro <strong>tre giorni<\/strong> dalla ricezione.<\/p>\n<p>&nbsp;<\/p>\n<p>Nel caso i vizi fossero occulti, l\u2019Acquirente dovr\u00e0 comunicare il reclamo con le modalit\u00e0 sopra previste al pi\u00f9 tardi entro tre giorni dalla data della loro scoperta e comunque non oltre sei mesi dalla data di ricevimento del prodotto; questo anche nel caso in cui il suddetto prodotto non avesse ancora raggiunto la sua data di scadenza.<\/p>\n<p>La prova della tempestivit\u00e0 della denuncia del difetto \u00e8 a carico esclusivo dell\u2019Acquirente.<\/p>\n<p>&nbsp;<\/p>\n<p><strong><a id=\"a12\"><\/a>Limite massimo ai risarcimenti<\/strong><\/p>\n<p>Fatto salvo quanto previsto nei paragrafi \u201cResponsabilit\u00e0 del produttore\u201d e \u201cContestazioni e reclami\u201d \u00a0IVM risponde degli eventuali danni causati all\u2019Acquirente da vizi dei beni forniti entro il limite massimo costituito dall\u2019importo minore fra il doppio del valore dei beni forniti e l\u2019importo di 50.000,00 (cinquantamila\/00) euro.<\/p>\n<p>&nbsp;<\/p>\n<p><strong><a id=\"a13\"><\/a>Resi<\/strong><\/p>\n<p>Non verranno accettati resi di merce se non espressamente autorizzati dalla Direzione Commerciale di IVM.<\/p>\n<p>&nbsp;<\/p>\n<p><strong><a id=\"a15\"><\/a>Riservatezza<\/strong><\/p>\n<p>Le Schede Tecniche, le presentazioni dei prodotti, cosi come qualsiasi informazione commerciale o su tecnologie, prodotti e cicli di verniciatura\u00a0 ricevute da IVM,\u00a0 dovranno\u00a0 essere trattate come estremamente confidenziali e non potranno essere divulgate a terzi, senza autorizzazione scritta da parte di IVM.<\/p>\n<p>&nbsp;<\/p>\n<p><strong><a id=\"a16\"><\/a>Privacy<\/strong><\/p>\n<p>IVM\u00a0 proceder\u00e0 al trattamento dei dati forniti dall\u2019Acquirente nel rispetto della normativa in materia di tutela del trattamento dei dati personali\u00a0 <strong>(D.Lgs 196\/2003)<\/strong><\/p>\n<p>Tali\u00a0 dati sono raccolti con modalit\u00e0 telematiche e trattati, anche con l&#8217;ausilio di mezzi elettronici, direttamente e\/o tramite terzi delegati per le seguenti finalit\u00e0:<\/p>\n<p>&#8211; finalit\u00e0 connesse all&#8217;esecuzione del servizio e alla gestione dell&#8217;ordine d&#8217;acquisto dei prodotti;<\/p>\n<p>&#8211; finalit\u00e0 statistiche, invio di materiale pubblicitario, anche mediante l&#8217;utilizzo della posta elettronica.<\/p>\n<p>&nbsp;<\/p>\n<p><strong><a id=\"a17\"><\/a>Controversie<\/strong><\/p>\n<p>Il Foro competente in via esclusiva per le controversie derivanti dall\u2019interpretazione ed applicazione delle presenti Condizioni Generali di Vendita \u00e8 il Foro di Milano. La legge applicabile al rapporto contrattuale \u00e8 la legge italiana.<\/p>\n<p>&nbsp;<\/p>\n<p><strong><a id=\"a18\"><\/a>Eccezioni <\/strong><\/p>\n<p>Qualsiasi eventuale eccezione alle condizioni di vendita sopra indicate deve essere preventivamente concordata con la Direzione Commerciale di IVM.<\/p>\n","protected":false},"excerpt":{"rendered":"<p>Normativa contrattuale Le forniture sono regolamentate dalle presenti Condizioni Generali di Vendita. Nessuna condizione particolare, salvo accettazione formale e scritta di IVM Chemicals Srl (d\u2019ora in avanti \u201cIVM\u201d), pu\u00f2 prevalere sulle presenti Condizioni Generali di Vendita. &nbsp; Le condizioni contenute nel presente documento potranno essere modificate, senza preavviso alcuno e avranno validit\u00e0 dalla data di [&hellip;]<\/p>\n","protected":false},"author":1,"featured_media":0,"parent":0,"menu_order":147,"comment_status":"closed","ping_status":"closed","template":"condizioni.php","meta":{"_acf_changed":false,"footnotes":""},"class_list":["post-5745","page","type-page","status-publish","hentry"],"acf":[],"_links":{"self":[{"href":"https:\/\/milesiplanet.com\/pt-pt\/wp-json\/wp\/v2\/pages\/5745","targetHints":{"allow":["GET"]}}],"collection":[{"href":"https:\/\/milesiplanet.com\/pt-pt\/wp-json\/wp\/v2\/pages"}],"about":[{"href":"https:\/\/milesiplanet.com\/pt-pt\/wp-json\/wp\/v2\/types\/page"}],"author":[{"embeddable":true,"href":"https:\/\/milesiplanet.com\/pt-pt\/wp-json\/wp\/v2\/users\/1"}],"replies":[{"embeddable":true,"href":"https:\/\/milesiplanet.com\/pt-pt\/wp-json\/wp\/v2\/comments?post=5745"}],"version-history":[{"count":0,"href":"https:\/\/milesiplanet.com\/pt-pt\/wp-json\/wp\/v2\/pages\/5745\/revisions"}],"wp:attachment":[{"href":"https:\/\/milesiplanet.com\/pt-pt\/wp-json\/wp\/v2\/media?parent=5745"}],"curies":[{"name":"wp","href":"https:\/\/api.w.org\/{rel}","templated":true}]}}